{"id":436,"date":"2024-01-15T16:18:57","date_gmt":"2024-01-15T16:18:57","guid":{"rendered":"https:\/\/mohamed.w3bcn.es\/personalizar-cookies\/"},"modified":"2024-01-15T16:18:57","modified_gmt":"2024-01-15T16:18:57","slug":"personalizar-cookies","status":"publish","type":"page","link":"https:\/\/reformasycontruccionesmontcada.es\/es_es\/personalizar-cookies\/","title":{"rendered":"Personalizar Cookies"},"content":{"rendered":"\n<div>\n      <div id=\"custom-cookies-eu-label\">\n          El sitio Web https:\/\/reformasycontruccionesmontcada.es utiliza cookies propias  para su correcto funcionamiento. Al hacer clic en el bot\u00f3n Aceptar, acepta el uso de estas tecnolog\u00edas y el procesamiento de sus datos para estos prop\u00f3sitos.          \n\n      <\/div>\n\n      <div id=\"custom-cookies-eu-buttons\" class=\"cookies-eu-buttons\">\n        <button id=\"custom-cookies-eu-reject\" class=\"cookies-eu-reject\">Rechazar<\/button>\n        <button id=\"custom-cookies-eu-accept\" class=\"cookies-eu-accept\">ACEPTAR TODAS LAS COOKIES<\/button><\/div>\n      <\/div>\n\n<br\/>\n<p>\n\tPuedes cambiar tus preferencias de cookies en cualquier momento si vuelves a la p\u00e1gina de Personalizar cookies, a la que puedes acceder a trav\u00e9s del Aviso de cookies. Para obtener m\u00e1s informaci\u00f3n sobre las cookies y c\u00f3mo las usamos, consulta la p\u00e1gina de <a href=\"https:\/\/reformasycontruccionesmontcada.es\/es_es\/politica-de-cookies\/\">Pol\u00edtica de Cookies<\/a>.\n<\/p>\n\n<h3>Cookies t\u00e9cnicas<\/h3>\n<p>\n\tSon aquellas que permiten a los usuarios registrados navegar a trav\u00e9s del sitio Web, del \u00e1rea restringida y a utilizar sus diferentes funciones, como por ejemplo, el sistema de comentarios o el buscador y no pueden ser desactivadas.\n<\/p>\n\n\n\n","protected":false},"excerpt":{"rendered":"<p>El sitio Web https:\/\/reformasycontruccionesmontcada.es utiliza cookies propias para su correcto funcionamiento. Al hacer clic en el bot\u00f3n Aceptar, acepta el uso de estas tecnolog\u00edas y el<span class=\"excerpt-hellip\"> [\u2026]<\/span><\/p>\n","protected":false},"author":1,"featured_media":0,"parent":0,"menu_order":0,"comment_status":"closed","ping_status":"closed","template":"","meta":{"footnotes":""},"class_list":["post-436","page","type-page","status-publish","hentry"],"yoast_head":"<!-- This site is optimized with the Yoast SEO Premium plugin v23.1 (Yoast SEO v25.2) - https:\/\/yoast.com\/wordpress\/plugins\/seo\/ -->\n<title>Personalizar Cookies - Reformas y Construcciones Montcada<\/title>\n<meta name=\"robots\" content=\"index, follow, max-snippet:-1, max-image-preview:large, max-video-preview:-1\" \/>\n<link rel=\"canonical\" href=\"https:\/\/reformasycontruccionesmontcada.es\/es_es\/personalizar-cookies\/\" \/>\n<meta property=\"og:locale\" content=\"es_ES\" \/>\n<meta property=\"og:type\" content=\"article\" \/>\n<meta property=\"og:title\" content=\"Personalizar Cookies\" \/>\n<meta property=\"og:description\" content=\"El sitio Web https:\/\/reformasycontruccionesmontcada.es utiliza cookies propias para su correcto funcionamiento. Al hacer clic en el bot\u00f3n Aceptar, acepta el uso de estas tecnolog\u00edas y el [\u2026]\" \/>\n<meta property=\"og:url\" content=\"https:\/\/reformasycontruccionesmontcada.es\/es_es\/personalizar-cookies\/\" \/>\n<meta property=\"og:site_name\" content=\"Reformas y Construcciones Montcada\" \/>\n<meta name=\"twitter:card\" content=\"summary_large_image\" \/>\n<script type=\"application\/ld+json\" class=\"yoast-schema-graph\">{\"@context\":\"https:\/\/schema.org\",\"@graph\":[{\"@type\":\"WebPage\",\"@id\":\"https:\/\/reformasycontruccionesmontcada.es\/personalizar-cookies\/\",\"url\":\"https:\/\/reformasycontruccionesmontcada.es\/personalizar-cookies\/\",\"name\":\"Personalizar Cookies - Reformas y Construcciones Montcada\",\"isPartOf\":{\"@id\":\"https:\/\/reformasycontruccionesmontcada.es\/#website\"},\"datePublished\":\"2024-01-15T16:18:57+00:00\",\"breadcrumb\":{\"@id\":\"https:\/\/reformasycontruccionesmontcada.es\/personalizar-cookies\/#breadcrumb\"},\"inLanguage\":\"es\",\"potentialAction\":[{\"@type\":\"ReadAction\",\"target\":[\"https:\/\/reformasycontruccionesmontcada.es\/personalizar-cookies\/\"]}]},{\"@type\":\"BreadcrumbList\",\"@id\":\"https:\/\/reformasycontruccionesmontcada.es\/personalizar-cookies\/#breadcrumb\",\"itemListElement\":[{\"@type\":\"ListItem\",\"position\":1,\"name\":\"Portada\",\"item\":\"https:\/\/reformasycontruccionesmontcada.es\/\"},{\"@type\":\"ListItem\",\"position\":2,\"name\":\"Personalizar Cookies\"}]},{\"@type\":\"WebSite\",\"@id\":\"https:\/\/reformasycontruccionesmontcada.es\/#website\",\"url\":\"https:\/\/reformasycontruccionesmontcada.es\/\",\"name\":\"Reformas y Construcciones Montcada\",\"description\":\"Tu empresa de Reformas En Montcada\",\"publisher\":{\"@id\":\"https:\/\/reformasycontruccionesmontcada.es\/#organization\"},\"potentialAction\":[{\"@type\":\"SearchAction\",\"target\":{\"@type\":\"EntryPoint\",\"urlTemplate\":\"https:\/\/reformasycontruccionesmontcada.es\/?s={search_term_string}\"},\"query-input\":{\"@type\":\"PropertyValueSpecification\",\"valueRequired\":true,\"valueName\":\"search_term_string\"}}],\"inLanguage\":\"es\"},{\"@type\":\"Organization\",\"@id\":\"https:\/\/reformasycontruccionesmontcada.es\/#organization\",\"name\":\"Reformas y Construcciones Montcada\",\"url\":\"https:\/\/reformasycontruccionesmontcada.es\/\",\"logo\":{\"@type\":\"ImageObject\",\"inLanguage\":\"es\",\"@id\":\"https:\/\/reformasycontruccionesmontcada.es\/#\/schema\/logo\/image\/\",\"url\":\"https:\/\/reformasycontruccionesmontcada.es\/wp-content\/uploads\/2024\/01\/cropped-cropped-Imagen-de-WhatsApp-2024-01-15-a-las-13.21.03_25e32b33.jpg\",\"contentUrl\":\"https:\/\/reformasycontruccionesmontcada.es\/wp-content\/uploads\/2024\/01\/cropped-cropped-Imagen-de-WhatsApp-2024-01-15-a-las-13.21.03_25e32b33.jpg\",\"width\":512,\"height\":439,\"caption\":\"Reformas y Construcciones Montcada\"},\"image\":{\"@id\":\"https:\/\/reformasycontruccionesmontcada.es\/#\/schema\/logo\/image\/\"}}]}<\/script>\n<!-- \/ Yoast SEO Premium plugin. -->","yoast_head_json":{"title":"Personalizar Cookies - Reformas y Construcciones Montcada","robots":{"index":"index","follow":"follow","max-snippet":"max-snippet:-1","max-image-preview":"max-image-preview:large","max-video-preview":"max-video-preview:-1"},"canonical":"https:\/\/reformasycontruccionesmontcada.es\/es_es\/personalizar-cookies\/","og_locale":"es_ES","og_type":"article","og_title":"Personalizar Cookies","og_description":"El sitio Web https:\/\/reformasycontruccionesmontcada.es utiliza cookies propias para su correcto funcionamiento. Al hacer clic en el bot\u00f3n Aceptar, acepta el uso de estas tecnolog\u00edas y el [\u2026]","og_url":"https:\/\/reformasycontruccionesmontcada.es\/es_es\/personalizar-cookies\/","og_site_name":"Reformas y Construcciones Montcada","twitter_card":"summary_large_image","schema":{"@context":"https:\/\/schema.org","@graph":[{"@type":"WebPage","@id":"https:\/\/reformasycontruccionesmontcada.es\/personalizar-cookies\/","url":"https:\/\/reformasycontruccionesmontcada.es\/personalizar-cookies\/","name":"Personalizar Cookies - Reformas y Construcciones Montcada","isPartOf":{"@id":"https:\/\/reformasycontruccionesmontcada.es\/#website"},"datePublished":"2024-01-15T16:18:57+00:00","breadcrumb":{"@id":"https:\/\/reformasycontruccionesmontcada.es\/personalizar-cookies\/#breadcrumb"},"inLanguage":"es","potentialAction":[{"@type":"ReadAction","target":["https:\/\/reformasycontruccionesmontcada.es\/personalizar-cookies\/"]}]},{"@type":"BreadcrumbList","@id":"https:\/\/reformasycontruccionesmontcada.es\/personalizar-cookies\/#breadcrumb","itemListElement":[{"@type":"ListItem","position":1,"name":"Portada","item":"https:\/\/reformasycontruccionesmontcada.es\/"},{"@type":"ListItem","position":2,"name":"Personalizar Cookies"}]},{"@type":"WebSite","@id":"https:\/\/reformasycontruccionesmontcada.es\/#website","url":"https:\/\/reformasycontruccionesmontcada.es\/","name":"Reformas y Construcciones Montcada","description":"Tu empresa de Reformas En Montcada","publisher":{"@id":"https:\/\/reformasycontruccionesmontcada.es\/#organization"},"potentialAction":[{"@type":"SearchAction","target":{"@type":"EntryPoint","urlTemplate":"https:\/\/reformasycontruccionesmontcada.es\/?s={search_term_string}"},"query-input":{"@type":"PropertyValueSpecification","valueRequired":true,"valueName":"search_term_string"}}],"inLanguage":"es"},{"@type":"Organization","@id":"https:\/\/reformasycontruccionesmontcada.es\/#organization","name":"Reformas y Construcciones Montcada","url":"https:\/\/reformasycontruccionesmontcada.es\/","logo":{"@type":"ImageObject","inLanguage":"es","@id":"https:\/\/reformasycontruccionesmontcada.es\/#\/schema\/logo\/image\/","url":"https:\/\/reformasycontruccionesmontcada.es\/wp-content\/uploads\/2024\/01\/cropped-cropped-Imagen-de-WhatsApp-2024-01-15-a-las-13.21.03_25e32b33.jpg","contentUrl":"https:\/\/reformasycontruccionesmontcada.es\/wp-content\/uploads\/2024\/01\/cropped-cropped-Imagen-de-WhatsApp-2024-01-15-a-las-13.21.03_25e32b33.jpg","width":512,"height":439,"caption":"Reformas y Construcciones Montcada"},"image":{"@id":"https:\/\/reformasycontruccionesmontcada.es\/#\/schema\/logo\/image\/"}}]}},"_links":{"self":[{"href":"https:\/\/reformasycontruccionesmontcada.es\/es_es\/wp-json\/wp\/v2\/pages\/436","targetHints":{"allow":["GET"]}}],"collection":[{"href":"https:\/\/reformasycontruccionesmontcada.es\/es_es\/wp-json\/wp\/v2\/pages"}],"about":[{"href":"https:\/\/reformasycontruccionesmontcada.es\/es_es\/wp-json\/wp\/v2\/types\/page"}],"author":[{"embeddable":true,"href":"https:\/\/reformasycontruccionesmontcada.es\/es_es\/wp-json\/wp\/v2\/users\/1"}],"replies":[{"embeddable":true,"href":"https:\/\/reformasycontruccionesmontcada.es\/es_es\/wp-json\/wp\/v2\/comments?post=436"}],"version-history":[{"count":0,"href":"https:\/\/reformasycontruccionesmontcada.es\/es_es\/wp-json\/wp\/v2\/pages\/436\/revisions"}],"wp:attachment":[{"href":"https:\/\/reformasycontruccionesmontcada.es\/es_es\/wp-json\/wp\/v2\/media?parent=436"}],"curies":[{"name":"wp","href":"https:\/\/api.w.org\/{rel}","templated":true}]}}